{"id":399,"date":"2025-10-28T14:49:54","date_gmt":"2025-10-28T14:49:54","guid":{"rendered":"https:\/\/westagency.wp-04.thedock.space\/sv\/home\/"},"modified":"2026-02-13T13:12:45","modified_gmt":"2026-02-13T13:12:45","slug":"hem","status":"publish","type":"page","link":"https:\/\/westagency.wp-04.thedock.space\/sv\/","title":{"rendered":"Hem"},"content":{"rendered":"","protected":false},"excerpt":{"rendered":"","protected":false},"author":1,"featured_media":0,"parent":0,"menu_order":0,"comment_status":"closed","ping_status":"closed","template":"front-page.php","meta":{"footnotes":""},"class_list":["post-399","page","type-page","status-publish","hentry"],"acf":{"module_f508983b9ea44":{"introduction":"West \u00e4r en reklambyr\u00e5 specialiserad p\u00e5 strategisk och kreativ kommunikation som skapar engagemang f\u00f6r varum\u00e4rken."}},"_links":{"self":[{"href":"https:\/\/westagency.wp-04.thedock.space\/wp-json\/wp\/v2\/pages\/399","targetHints":{"allow":["GET"]}}],"collection":[{"href":"https:\/\/westagency.wp-04.thedock.space\/wp-json\/wp\/v2\/pages"}],"about":[{"href":"https:\/\/westagency.wp-04.thedock.space\/wp-json\/wp\/v2\/types\/page"}],"author":[{"embeddable":true,"href":"https:\/\/westagency.wp-04.thedock.space\/wp-json\/wp\/v2\/users\/1"}],"replies":[{"embeddable":true,"href":"https:\/\/westagency.wp-04.thedock.space\/wp-json\/wp\/v2\/comments?post=399"}],"version-history":[{"count":5,"href":"https:\/\/westagency.wp-04.thedock.space\/wp-json\/wp\/v2\/pages\/399\/revisions"}],"predecessor-version":[{"id":534,"href":"https:\/\/westagency.wp-04.thedock.space\/wp-json\/wp\/v2\/pages\/399\/revisions\/534"}],"wp:attachment":[{"href":"https:\/\/westagency.wp-04.thedock.space\/wp-json\/wp\/v2\/media?parent=399"}],"curies":[{"name":"wp","href":"https:\/\/api.w.org\/{rel}","templated":true}]}}