{"id":407,"date":"2025-10-28T14:50:38","date_gmt":"2025-10-28T14:50:38","guid":{"rendered":"https:\/\/westagency.wp-04.thedock.space\/sv\/about\/"},"modified":"2026-02-13T12:51:07","modified_gmt":"2026-02-13T12:51:07","slug":"tjanster","status":"publish","type":"page","link":"https:\/\/westagency.wp-04.thedock.space\/sv\/tjanster\/","title":{"rendered":"Tj\u00e4nster"},"content":{"rendered":"","protected":false},"excerpt":{"rendered":"","protected":false},"author":1,"featured_media":0,"parent":0,"menu_order":40,"comment_status":"closed","ping_status":"closed","template":"page-tjanster.php","meta":{"footnotes":""},"class_list":["post-407","page","type-page","status-publish","hentry"],"acf":{"module_ad702d126dd34":{"hero_headline":"Vi ser till att ditt f\u00f6retag f\u00e5r den uppm\u00e4rksamhet det f\u00f6rtj\u00e4nar."},"module_f48044f3c3234":{"column_1":"<p class=\"has-medium-font-size\">Vad vi hj\u00e4lper till med<\/p><p class=\"has-normal-font-size\">Vi jobbar d\u00e4r varum\u00e4rke, kommunikation och verklighet m\u00f6ts. Det kan handla om att:<br>\u2022 \u00a0 \u00a0v\u00e4ssa en position<br>\u2022 \u00a0 \u00a0utveckla ett varum\u00e4rkesuttryck<br>\u2022 \u00a0 \u00a0ta fram en reklamid\u00e9 som h\u00e5ller \u00f6ver tid<br>\u2022 \u00a0 \u00a0genomf\u00f6ra kampanjer som faktiskt m\u00e4rks<br>Oavsett uppdragets storlek \u00e4r m\u00e5let alltid detsamma: att skapa kommunikation som k\u00e4nns relevant, trov\u00e4rdig och konsekvent.<\/p>","column_2":"<p class=\"has-medium-font-size\">Hur det m\u00e4rks i slut\u00e4ndan<\/p><p>N\u00e4r vi g\u00f6r v\u00e5rt jobb r\u00e4tt blir varum\u00e4rken tydligare. De blir l\u00e4ttare att f\u00f6rst\u00e5, l\u00e4ttare att v\u00e4lja och l\u00e4ttare att lita p\u00e5. Kommunikation h\u00e4nger ihop, b\u00e5de internt och externt, och varje insats bidrar till helheten. Det handlar inte om att l\u00e5ta mest. Det handlar om att s\u00e4ga r\u00e4tt saker, p\u00e5 r\u00e4tt s\u00e4tt, vid r\u00e4tt tillf\u00e4lle.<\/p>","services_headline":"V\u00e5ra tj\u00e4nster"}},"_links":{"self":[{"href":"https:\/\/westagency.wp-04.thedock.space\/wp-json\/wp\/v2\/pages\/407","targetHints":{"allow":["GET"]}}],"collection":[{"href":"https:\/\/westagency.wp-04.thedock.space\/wp-json\/wp\/v2\/pages"}],"about":[{"href":"https:\/\/westagency.wp-04.thedock.space\/wp-json\/wp\/v2\/types\/page"}],"author":[{"embeddable":true,"href":"https:\/\/westagency.wp-04.thedock.space\/wp-json\/wp\/v2\/users\/1"}],"replies":[{"embeddable":true,"href":"https:\/\/westagency.wp-04.thedock.space\/wp-json\/wp\/v2\/comments?post=407"}],"version-history":[{"count":5,"href":"https:\/\/westagency.wp-04.thedock.space\/wp-json\/wp\/v2\/pages\/407\/revisions"}],"predecessor-version":[{"id":532,"href":"https:\/\/westagency.wp-04.thedock.space\/wp-json\/wp\/v2\/pages\/407\/revisions\/532"}],"wp:attachment":[{"href":"https:\/\/westagency.wp-04.thedock.space\/wp-json\/wp\/v2\/media?parent=407"}],"curies":[{"name":"wp","href":"https:\/\/api.w.org\/{rel}","templated":true}]}}