{"id":496,"date":"2026-01-28T09:25:22","date_gmt":"2026-01-28T09:25:22","guid":{"rendered":"https:\/\/westagency.wp-04.thedock.space\/?page_id=496"},"modified":"2026-02-13T13:03:15","modified_gmt":"2026-02-13T13:03:15","slug":"om-oss","status":"publish","type":"page","link":"https:\/\/westagency.wp-04.thedock.space\/sv\/om-oss\/","title":{"rendered":"Om oss"},"content":{"rendered":"<p>New about page \u2013 to be created<\/p>","protected":false},"excerpt":{"rendered":"<p>New about page \u2013 to be created<\/p>\n","protected":false},"author":3,"featured_media":0,"parent":0,"menu_order":0,"comment_status":"closed","ping_status":"closed","template":"page-about.php","meta":{"footnotes":""},"class_list":["post-496","page","type-page","status-publish","hentry"],"acf":{"module_279712ab10ff4":{"hero_headline":"Vi hj\u00e4lper dig blir lite mer gillad av dina kunder.  "},"module_e328e8996d634":{"column_1":"<p class=\"has-medium-font-size\">Det h\u00e4r \u00e4r West<\/p><p>Med kreativitet, hantverk och l\u00e5ngsiktigt strategiskt arbete hj\u00e4lper vi varum\u00e4rken som vill bli relevanta p\u00e5 riktigt f\u00f6r r\u00e4tt m\u00e5lgrupp. Vi definierar vad f\u00f6retaget st\u00e5r f\u00f6r, hur de skall uttrycka det och hur det skall m\u00e4rkas i verkligheten. Alltid med fokus p\u00e5 m\u00e4nniskan, inte bara kanaler eller format. Reklam \u00e4r inte ett sj\u00e4lv\u00e4ndam\u00e5l, det \u00e4r ett viktigt verktyg f\u00f6r att bygga starkare varum\u00e4rken, tydligare relationer och b\u00e4ttre aff\u00e4rer \u00f6ver tid. Oavsett storlek p\u00e5 f\u00f6retaget eller om det handlar om business to business s\u00e5 \u00e4r det i slut\u00e4ndan enskilda m\u00e4nniskor vi kommunicerar med.<\/p><p>\u00a0<\/p>","column_2":"<p class=\"has-medium-font-size\">V\u00e5rt s\u00e4tt att t\u00e4nka<\/p><p>Vi tror inte p\u00e5 snabba genv\u00e4gar eller byr\u00e5floskler. Vi tror p\u00e5 att g\u00f6ra jobbet ordentligt fr\u00e5n b\u00f6rjan. N\u00e4r grunden \u00e4r tydlig blir allt annat enklare \u2013 beslut, kommunikation och utveckling. P\u00e5 West kombinerar vi strategi, id\u00e9 och genomf\u00f6rande i ett sammanh\u00e5llet arbetss\u00e4tt. Vi jobbar n\u00e4ra v\u00e5ra kunder och ser oss som en del av teamet, inte som en extern leverant\u00f6r som kommer och g\u00e5r.<\/p>"}},"_links":{"self":[{"href":"https:\/\/westagency.wp-04.thedock.space\/wp-json\/wp\/v2\/pages\/496","targetHints":{"allow":["GET"]}}],"collection":[{"href":"https:\/\/westagency.wp-04.thedock.space\/wp-json\/wp\/v2\/pages"}],"about":[{"href":"https:\/\/westagency.wp-04.thedock.space\/wp-json\/wp\/v2\/types\/page"}],"author":[{"embeddable":true,"href":"https:\/\/westagency.wp-04.thedock.space\/wp-json\/wp\/v2\/users\/3"}],"replies":[{"embeddable":true,"href":"https:\/\/westagency.wp-04.thedock.space\/wp-json\/wp\/v2\/comments?post=496"}],"version-history":[{"count":5,"href":"https:\/\/westagency.wp-04.thedock.space\/wp-json\/wp\/v2\/pages\/496\/revisions"}],"predecessor-version":[{"id":533,"href":"https:\/\/westagency.wp-04.thedock.space\/wp-json\/wp\/v2\/pages\/496\/revisions\/533"}],"wp:attachment":[{"href":"https:\/\/westagency.wp-04.thedock.space\/wp-json\/wp\/v2\/media?parent=496"}],"curies":[{"name":"wp","href":"https:\/\/api.w.org\/{rel}","templated":true}]}}